{"id":56,"date":"2018-08-24T12:27:33","date_gmt":"2018-08-24T10:27:33","guid":{"rendered":"http:\/\/projet.unsa-sams.com\/?page_id=56"},"modified":"2023-06-28T14:50:34","modified_gmt":"2023-06-28T12:50:34","slug":"le-cse","status":"publish","type":"page","link":"https:\/\/unsa-sams.com\/?page_id=56","title":{"rendered":"Le CSE"},"content":{"rendered":"\t\t<div data-elementor-type=\"wp-post\" data-elementor-id=\"56\" class=\"elementor elementor-56\">\n\t\t\t\t\t\t<section class=\"elementor-section elementor-top-section elementor-element elementor-element-f25f8f3 elementor-section-stretched elementor-section-boxed elementor-section-height-default elementor-section-height-default\" data-id=\"f25f8f3\" data-element_type=\"section\" data-e-type=\"section\" data-settings=\"{&quot;stretch_section&quot;:&quot;section-stretched&quot;}\">\n\t\t\t\t\t\t<div class=\"elementor-container elementor-column-gap-default\">\n\t\t\t\t\t<div class=\"elementor-column elementor-col-100 elementor-top-column elementor-element elementor-element-c1fbe1a\" data-id=\"c1fbe1a\" data-element_type=\"column\" data-e-type=\"column\">\n\t\t\t<div class=\"elementor-widget-wrap elementor-element-populated\">\n\t\t\t\t\t\t<div class=\"elementor-element elementor-element-2e10623 elementor-widget elementor-widget-heading\" data-id=\"2e10623\" data-element_type=\"widget\" data-e-type=\"widget\" data-widget_type=\"heading.default\">\n\t\t\t\t<div class=\"elementor-widget-container\">\n\t\t\t\t\t<h2 class=\"elementor-heading-title elementor-size-default\">Candidature CSE<\/h2>\t\t\t\t<\/div>\n\t\t\t\t<\/div>\n\t\t\t\t\t<\/div>\n\t\t<\/div>\n\t\t\t\t\t<\/div>\n\t\t<\/section>\n\t\t\t\t<section class=\"elementor-section elementor-top-section elementor-element elementor-element-890c1e6 elementor-section-stretched elementor-section-boxed elementor-section-height-default elementor-section-height-default\" data-id=\"890c1e6\" data-element_type=\"section\" data-e-type=\"section\" data-settings=\"{&quot;stretch_section&quot;:&quot;section-stretched&quot;}\">\n\t\t\t\t\t\t<div class=\"elementor-container elementor-column-gap-default\">\n\t\t\t\t\t<div class=\"elementor-column elementor-col-100 elementor-top-column elementor-element elementor-element-2d42e86\" data-id=\"2d42e86\" data-element_type=\"column\" data-e-type=\"column\">\n\t\t\t<div class=\"elementor-widget-wrap elementor-element-populated\">\n\t\t\t\t\t\t<div class=\"elementor-element elementor-element-81172a4 elementor-widget elementor-widget-text-editor\" data-id=\"81172a4\" data-element_type=\"widget\" data-e-type=\"widget\" data-widget_type=\"text-editor.default\">\n\t\t\t\t<div class=\"elementor-widget-container\">\n\t\t\t\t\t\t\t\t\t<p>Vous \u00eates salari\u00e9 chez CLINEA ? Vous pouvez vous pr\u00e9senter aux prochaines \u00e9lections d\u00e9s le premier tour sur une liste parrain\u00e9e par l\u2019UNSA.<\/p><p><strong>C\u2019est tr\u00e8s simple !<\/strong><\/p><p>Remplissez, d\u00e9s aujourd\u2019hui, le plus rapidement possible le formulaire de candidature suivant :<\/p>\t\t\t\t\t\t\t\t<\/div>\n\t\t\t\t<\/div>\n\t\t\t\t<div class=\"elementor-element elementor-element-9311f0c elementor-align-center elementor-widget elementor-widget-button\" data-id=\"9311f0c\" data-element_type=\"widget\" data-e-type=\"widget\" data-widget_type=\"button.default\">\n\t\t\t\t<div class=\"elementor-widget-container\">\n\t\t\t\t\t\t\t\t\t<div class=\"elementor-button-wrapper\">\n\t\t\t\t\t<a class=\"elementor-button elementor-button-link elementor-size-sm\" href=\"https:\/\/unsa-sams.com\/?page_id=5083\" target=\"_blank\">\n\t\t\t\t\t\t<span class=\"elementor-button-content-wrapper\">\n\t\t\t\t\t\t\t\t\t<span class=\"elementor-button-text\">Appel \u00e0 candidature CSE CLINEA, engagez-vous !<\/span>\n\t\t\t\t\t<\/span>\n\t\t\t\t\t<\/a>\n\t\t\t\t<\/div>\n\t\t\t\t\t\t\t\t<\/div>\n\t\t\t\t<\/div>\n\t\t\t\t\t<\/div>\n\t\t<\/div>\n\t\t\t\t\t<\/div>\n\t\t<\/section>\n\t\t\t\t<section class=\"elementor-section elementor-top-section elementor-element elementor-element-48599f3 elementor-section-stretched elementor-section-boxed elementor-section-height-default elementor-section-height-default\" data-id=\"48599f3\" data-element_type=\"section\" data-e-type=\"section\" data-settings=\"{&quot;stretch_section&quot;:&quot;section-stretched&quot;}\">\n\t\t\t\t\t\t<div class=\"elementor-container elementor-column-gap-default\">\n\t\t\t\t\t<div class=\"elementor-column elementor-col-100 elementor-top-column elementor-element elementor-element-2f99010\" data-id=\"2f99010\" data-element_type=\"column\" data-e-type=\"column\">\n\t\t\t<div class=\"elementor-widget-wrap elementor-element-populated\">\n\t\t\t\t\t\t<div class=\"elementor-element elementor-element-25ee508 elementor-widget elementor-widget-text-editor\" data-id=\"25ee508\" data-element_type=\"widget\" data-e-type=\"widget\" data-widget_type=\"text-editor.default\">\n\t\t\t\t<div class=\"elementor-widget-container\">\n\t\t\t\t\t\t\t\t\t<p>Pour toutes questions compl\u00e9mentaires, adressez un e-mail \u00e0 <strong>contact@unsa-sams.com<\/strong><\/p>\t\t\t\t\t\t\t\t<\/div>\n\t\t\t\t<\/div>\n\t\t\t\t<div class=\"elementor-element elementor-element-8627773 elementor-widget elementor-widget-spacer\" data-id=\"8627773\" data-element_type=\"widget\" data-e-type=\"widget\" data-widget_type=\"spacer.default\">\n\t\t\t\t<div class=\"elementor-widget-container\">\n\t\t\t\t\t\t\t<div class=\"elementor-spacer\">\n\t\t\t<div class=\"elementor-spacer-inner\"><\/div>\n\t\t<\/div>\n\t\t\t\t\t\t<\/div>\n\t\t\t\t<\/div>\n\t\t\t\t\t<\/div>\n\t\t<\/div>\n\t\t\t\t\t<\/div>\n\t\t<\/section>\n\t\t\t\t<section class=\"elementor-section elementor-top-section elementor-element elementor-element-f0e0797 elementor-section-stretched elementor-section-boxed elementor-section-height-default elementor-section-height-default\" data-id=\"f0e0797\" data-element_type=\"section\" data-e-type=\"section\" data-settings=\"{&quot;stretch_section&quot;:&quot;section-stretched&quot;}\">\n\t\t\t\t\t\t<div class=\"elementor-container elementor-column-gap-default\">\n\t\t\t\t\t<div class=\"elementor-column elementor-col-100 elementor-top-column elementor-element elementor-element-92df842\" data-id=\"92df842\" data-element_type=\"column\" data-e-type=\"column\">\n\t\t\t<div class=\"elementor-widget-wrap elementor-element-populated\">\n\t\t\t\t\t\t<div class=\"elementor-element elementor-element-1f7b592 elementor-widget elementor-widget-heading\" data-id=\"1f7b592\" data-element_type=\"widget\" data-e-type=\"widget\" data-widget_type=\"heading.default\">\n\t\t\t\t<div class=\"elementor-widget-container\">\n\t\t\t\t\t<h3 class=\"elementor-heading-title elementor-size-default\">Pr\u00e9sentation g\u00e9n\u00e9rale des r\u00e8gles et des enjeux<\/h3>\t\t\t\t<\/div>\n\t\t\t\t<\/div>\n\t\t\t\t\t<\/div>\n\t\t<\/div>\n\t\t\t\t\t<\/div>\n\t\t<\/section>\n\t\t\t\t<section class=\"elementor-section elementor-top-section elementor-element elementor-element-2326217 elementor-section-stretched elementor-section-boxed elementor-section-height-default elementor-section-height-default\" data-id=\"2326217\" data-element_type=\"section\" data-e-type=\"section\" data-settings=\"{&quot;stretch_section&quot;:&quot;section-stretched&quot;}\">\n\t\t\t\t\t\t<div class=\"elementor-container elementor-column-gap-default\">\n\t\t\t\t\t<div class=\"elementor-column elementor-col-100 elementor-top-column elementor-element elementor-element-59aed52\" data-id=\"59aed52\" data-element_type=\"column\" data-e-type=\"column\">\n\t\t\t<div class=\"elementor-widget-wrap elementor-element-populated\">\n\t\t\t\t\t\t<div class=\"elementor-element elementor-element-6e85ef3 elementor-widget elementor-widget-text-editor\" data-id=\"6e85ef3\" data-element_type=\"widget\" data-e-type=\"widget\" data-widget_type=\"text-editor.default\">\n\t\t\t\t<div class=\"elementor-widget-container\">\n\t\t\t\t\t\t\t\t\t<p style=\"text-align: center;\"><b>Centralisation en une seule&nbsp;<span style=\"font-size: inherit;\">instance pour toutes les missions<\/span><\/b><\/p>\n<p>Les missions attribu\u00e9es aux d\u00e9l\u00e9gu\u00e9s&nbsp;<span style=\"font-size: inherit;\">du personnel (DP), au comit\u00e9 d\u2019entreprise&nbsp;<\/span><span style=\"font-size: inherit;\">(CE) et au CHSCT seront assur\u00e9es&nbsp;<\/span><span style=\"font-size: inherit;\">par une seule instance appel\u00e9e Comit\u00e9&nbsp;<\/span><span style=\"font-size: inherit;\">Social et \u00c9conomique (CSE). L\u2019instance&nbsp;<\/span><span style=\"font-size: inherit;\">est obligatoire \u00e0 partir de 11 salari\u00e9s et&nbsp;<\/span><span style=\"font-size: inherit;\">ses attributions sont plus d\u00e9velopp\u00e9es&nbsp;<\/span><span style=\"font-size: inherit;\">\u00e0 partir de 50 salari\u00e9s.<\/span><\/p>\n<p><b>N\u00e9gociation pr\u00e9alable pour la&nbsp;<span style=\"font-size: inherit;\">mise en place du CSE<\/span><\/b><\/p>\n<p>Il est d\u2019importance capitale de n\u00e9gocier&nbsp;<span style=\"font-size: inherit;\">un accord de CSE. Il s\u2019agit&nbsp;<\/span><span style=\"font-size: inherit;\">d\u2019un accord d\u2019entreprise qui, avant&nbsp;<\/span><span style=\"font-size: inherit;\">le protocole pr\u00e9-\u00e9lectoral (PAP) d\u00e9finit&nbsp;<\/span><span style=\"font-size: inherit;\">et pr\u00e9cise la fa\u00e7on dont fonctionnera&nbsp;<\/span><span style=\"font-size: inherit;\">le CSE. Cet accord est un&nbsp;<\/span><span style=\"font-size: inherit;\">accord majoritaire (50 %). Ne laissons&nbsp;<\/span><span style=\"font-size: inherit;\">jamais se mettre en place un&nbsp;<\/span><span style=\"font-size: inherit;\">CSE sans n\u00e9gociation pr\u00e9alable !<\/span><\/p>\n<p><b>Un pas vers une fusion&nbsp;<span style=\"font-size: inherit;\">Syndicat &#8211; Instances \u00e9lues ?<\/span><\/b><\/p>\n<p><\/p>\n<p>Le Conseil d\u2019Entreprise, nouvelle instance int\u00e8gre en plus de la triple comp\u00e9tence&nbsp;<span style=\"font-size: inherit;\">DP\/CE\/CHSCT celle de la n\u00e9gociation.&nbsp;<\/span><span style=\"font-size: inherit;\">D\u2019inspiration allemande, il&nbsp;<\/span><span style=\"font-size: inherit;\">est mis en place par accord majoritaire&nbsp;<\/span><span style=\"font-size: inherit;\">conclu avec les d\u00e9l\u00e9gu\u00e9s syndicaux.<\/span><\/p>\t\t\t\t\t\t\t\t<\/div>\n\t\t\t\t<\/div>\n\t\t\t\t\t<\/div>\n\t\t<\/div>\n\t\t\t\t\t<\/div>\n\t\t<\/section>\n\t\t\t\t<\/div>\n\t\t","protected":false},"excerpt":{"rendered":"<p>Candidature CSE Vous \u00eates salari\u00e9 chez CLINEA ? Vous pouvez vous pr\u00e9senter aux prochaines \u00e9lections d\u00e9s le premier tour sur une liste parrain\u00e9e par l\u2019UNSA. C\u2019est tr\u00e8s simple ! Remplissez, d\u00e9s aujourd\u2019hui, le plus rapidement possible le formulaire de candidature suivant : Appel \u00e0 candidature CSE CLINEA, engagez-vous ! Pour [&hellip;]<\/p>\n","protected":false},"author":1,"featured_media":0,"parent":0,"menu_order":0,"comment_status":"closed","ping_status":"closed","template":"","meta":{"rop_custom_images_group":[],"rop_custom_messages_group":[],"rop_publish_now":"initial","rop_publish_now_accounts":[],"rop_publish_now_history":[],"rop_publish_now_status":"pending","footnotes":""},"class_list":["post-56","page","type-page","status-publish","hentry"],"_links":{"self":[{"href":"https:\/\/unsa-sams.com\/index.php?rest_route=\/wp\/v2\/pages\/56","targetHints":{"allow":["GET"]}}],"collection":[{"href":"https:\/\/unsa-sams.com\/index.php?rest_route=\/wp\/v2\/pages"}],"about":[{"href":"https:\/\/unsa-sams.com\/index.php?rest_route=\/wp\/v2\/types\/page"}],"author":[{"embeddable":true,"href":"https:\/\/unsa-sams.com\/index.php?rest_route=\/wp\/v2\/users\/1"}],"replies":[{"embeddable":true,"href":"https:\/\/unsa-sams.com\/index.php?rest_route=%2Fwp%2Fv2%2Fcomments&post=56"}],"version-history":[{"count":35,"href":"https:\/\/unsa-sams.com\/index.php?rest_route=\/wp\/v2\/pages\/56\/revisions"}],"predecessor-version":[{"id":6018,"href":"https:\/\/unsa-sams.com\/index.php?rest_route=\/wp\/v2\/pages\/56\/revisions\/6018"}],"wp:attachment":[{"href":"https:\/\/unsa-sams.com\/index.php?rest_route=%2Fwp%2Fv2%2Fmedia&parent=56"}],"curies":[{"name":"wp","href":"https:\/\/api.w.org\/{rel}","templated":true}]}}