{"id":42,"date":"2018-08-24T12:26:15","date_gmt":"2018-08-24T10:26:15","guid":{"rendered":"http:\/\/projet.unsa-sams.com\/?page_id=42"},"modified":"2022-02-25T10:31:00","modified_gmt":"2022-02-25T09:31:00","slug":"lhistoire-de-lunsa","status":"publish","type":"page","link":"https:\/\/unsa-sams.com\/?page_id=42","title":{"rendered":"Qui sommes-nous ?"},"content":{"rendered":"\t\t<div data-elementor-type=\"wp-post\" data-elementor-id=\"42\" class=\"elementor elementor-42\">\n\t\t\t\t\t\t<section class=\"elementor-section elementor-top-section elementor-element elementor-element-abc9090 elementor-section-stretched elementor-section-boxed elementor-section-height-default elementor-section-height-default\" data-id=\"abc9090\" data-element_type=\"section\" data-e-type=\"section\" data-settings=\"{&quot;stretch_section&quot;:&quot;section-stretched&quot;}\">\n\t\t\t\t\t\t<div class=\"elementor-container elementor-column-gap-default\">\n\t\t\t\t\t<div class=\"elementor-column elementor-col-100 elementor-top-column elementor-element elementor-element-7d53072\" data-id=\"7d53072\" data-element_type=\"column\" data-e-type=\"column\">\n\t\t\t<div class=\"elementor-widget-wrap elementor-element-populated\">\n\t\t\t\t\t\t<div class=\"elementor-element elementor-element-7fc2cea elementor-widget elementor-widget-heading\" data-id=\"7fc2cea\" data-element_type=\"widget\" data-e-type=\"widget\" data-widget_type=\"heading.default\">\n\t\t\t\t<div class=\"elementor-widget-container\">\n\t\t\t\t\t<h2 class=\"elementor-heading-title elementor-size-default\">L'UNSA-SAMS<\/h2>\t\t\t\t<\/div>\n\t\t\t\t<\/div>\n\t\t\t\t\t<\/div>\n\t\t<\/div>\n\t\t\t\t\t<\/div>\n\t\t<\/section>\n\t\t\t\t<section class=\"elementor-section elementor-top-section elementor-element elementor-element-b4fd3a2 elementor-section-stretched elementor-section-boxed elementor-section-height-default elementor-section-height-default\" data-id=\"b4fd3a2\" data-element_type=\"section\" data-e-type=\"section\" data-settings=\"{&quot;stretch_section&quot;:&quot;section-stretched&quot;}\">\n\t\t\t\t\t\t<div class=\"elementor-container elementor-column-gap-default\">\n\t\t\t\t\t<div class=\"elementor-column elementor-col-25 elementor-top-column elementor-element elementor-element-b109dc7\" data-id=\"b109dc7\" data-element_type=\"column\" data-e-type=\"column\">\n\t\t\t<div class=\"elementor-widget-wrap elementor-element-populated\">\n\t\t\t\t\t\t<div class=\"elementor-element elementor-element-5bab4c5 elementor-view-default elementor-position-block-start elementor-mobile-position-block-start elementor-widget elementor-widget-icon-box\" data-id=\"5bab4c5\" data-element_type=\"widget\" data-e-type=\"widget\" data-widget_type=\"icon-box.default\">\n\t\t\t\t<div class=\"elementor-widget-container\">\n\t\t\t\t\t\t\t<div class=\"elementor-icon-box-wrapper\">\n\n\t\t\t\t\t\t<div class=\"elementor-icon-box-icon\">\n\t\t\t\t<span  class=\"elementor-icon\">\n\t\t\t\t<i class=\"fa fa-tencent-weibo\" aria-hidden=\"true\"><\/i>\t\t\t\t<\/span>\n\t\t\t<\/div>\n\t\t\t\n\t\t\t\t\t\t<div class=\"elementor-icon-box-content\">\n\n\t\t\t\t\t\t\t\t\t<h3 class=\"elementor-icon-box-title\">\n\t\t\t\t\t\t<span  >\n\t\t\t\t\t\t\tJeune\t\t\t\t\t\t<\/span>\n\t\t\t\t\t<\/h3>\n\t\t\t\t\n\t\t\t\t\t\t\t\t\t<p class=\"elementor-icon-box-description\">\n\t\t\t\t\t\tNous sommes un jeune syndicat qui repr\u00e9sente tous les salari\u00e9s des m\u00e9tiers de la sant\u00e9 priv\u00e9e.\t\t\t\t\t<\/p>\n\t\t\t\t\n\t\t\t<\/div>\n\t\t\t\n\t\t<\/div>\n\t\t\t\t\t\t<\/div>\n\t\t\t\t<\/div>\n\t\t\t\t\t<\/div>\n\t\t<\/div>\n\t\t\t\t<div class=\"elementor-column elementor-col-25 elementor-top-column elementor-element elementor-element-500c6f9\" data-id=\"500c6f9\" data-element_type=\"column\" data-e-type=\"column\">\n\t\t\t<div class=\"elementor-widget-wrap elementor-element-populated\">\n\t\t\t\t\t\t<div class=\"elementor-element elementor-element-a2dfdda elementor-view-default elementor-position-block-start elementor-mobile-position-block-start elementor-widget elementor-widget-icon-box\" data-id=\"a2dfdda\" data-element_type=\"widget\" data-e-type=\"widget\" data-widget_type=\"icon-box.default\">\n\t\t\t\t<div class=\"elementor-widget-container\">\n\t\t\t\t\t\t\t<div class=\"elementor-icon-box-wrapper\">\n\n\t\t\t\t\t\t<div class=\"elementor-icon-box-icon\">\n\t\t\t\t<span  class=\"elementor-icon\">\n\t\t\t\t<i class=\"fa fa-street-view\" aria-hidden=\"true\"><\/i>\t\t\t\t<\/span>\n\t\t\t<\/div>\n\t\t\t\n\t\t\t\t\t\t<div class=\"elementor-icon-box-content\">\n\n\t\t\t\t\t\t\t\t\t<h3 class=\"elementor-icon-box-title\">\n\t\t\t\t\t\t<span  >\n\t\t\t\t\t\t\tAutonome\t\t\t\t\t\t<\/span>\n\t\t\t\t\t<\/h3>\n\t\t\t\t\n\t\t\t\t\t\t\t\t\t<p class=\"elementor-icon-box-description\">\n\t\t\t\t\t\tNotre ind\u00e9pendance est totale, tant \u00e0 l'\u00e9gard du patronat, des pouvoirs politiques, \u00e9conomiques et religieux.\t\t\t\t\t<\/p>\n\t\t\t\t\n\t\t\t<\/div>\n\t\t\t\n\t\t<\/div>\n\t\t\t\t\t\t<\/div>\n\t\t\t\t<\/div>\n\t\t\t\t\t<\/div>\n\t\t<\/div>\n\t\t\t\t<div class=\"elementor-column elementor-col-25 elementor-top-column elementor-element elementor-element-99638aa\" data-id=\"99638aa\" data-element_type=\"column\" data-e-type=\"column\">\n\t\t\t<div class=\"elementor-widget-wrap elementor-element-populated\">\n\t\t\t\t\t\t<div class=\"elementor-element elementor-element-497fc64 elementor-view-default elementor-position-block-start elementor-mobile-position-block-start elementor-widget elementor-widget-icon-box\" data-id=\"497fc64\" data-element_type=\"widget\" data-e-type=\"widget\" data-widget_type=\"icon-box.default\">\n\t\t\t\t<div class=\"elementor-widget-container\">\n\t\t\t\t\t\t\t<div class=\"elementor-icon-box-wrapper\">\n\n\t\t\t\t\t\t<div class=\"elementor-icon-box-icon\">\n\t\t\t\t<span  class=\"elementor-icon\">\n\t\t\t\t<i class=\"fa fa-legal\" aria-hidden=\"true\"><\/i>\t\t\t\t<\/span>\n\t\t\t<\/div>\n\t\t\t\n\t\t\t\t\t\t<div class=\"elementor-icon-box-content\">\n\n\t\t\t\t\t\t\t\t\t<h3 class=\"elementor-icon-box-title\">\n\t\t\t\t\t\t<span  >\n\t\t\t\t\t\t\tR\u00e9formiste\t\t\t\t\t\t<\/span>\n\t\t\t\t\t<\/h3>\n\t\t\t\t\n\t\t\t\t\t\t\t\t\t<p class=\"elementor-icon-box-description\">\n\t\t\t\t\t\tNous sommes favorables aux r\u00e9formes mais celles-ci doivent \u00eatre r\u00e9alis\u00e9es apr\u00e8s des n\u00e9gociations.\t\t\t\t\t<\/p>\n\t\t\t\t\n\t\t\t<\/div>\n\t\t\t\n\t\t<\/div>\n\t\t\t\t\t\t<\/div>\n\t\t\t\t<\/div>\n\t\t\t\t\t<\/div>\n\t\t<\/div>\n\t\t\t\t<div class=\"elementor-column elementor-col-25 elementor-top-column elementor-element elementor-element-bd90923\" data-id=\"bd90923\" data-element_type=\"column\" data-e-type=\"column\">\n\t\t\t<div class=\"elementor-widget-wrap elementor-element-populated\">\n\t\t\t\t\t\t<div class=\"elementor-element elementor-element-58d3b20 elementor-view-default elementor-position-block-start elementor-mobile-position-block-start elementor-widget elementor-widget-icon-box\" data-id=\"58d3b20\" data-element_type=\"widget\" data-e-type=\"widget\" data-widget_type=\"icon-box.default\">\n\t\t\t\t<div class=\"elementor-widget-container\">\n\t\t\t\t\t\t\t<div class=\"elementor-icon-box-wrapper\">\n\n\t\t\t\t\t\t<div class=\"elementor-icon-box-icon\">\n\t\t\t\t<span  class=\"elementor-icon\">\n\t\t\t\t<i class=\"fa fa-users\" aria-hidden=\"true\"><\/i>\t\t\t\t<\/span>\n\t\t\t<\/div>\n\t\t\t\n\t\t\t\t\t\t<div class=\"elementor-icon-box-content\">\n\n\t\t\t\t\t\t\t\t\t<h3 class=\"elementor-icon-box-title\">\n\t\t\t\t\t\t<span  >\n\t\t\t\t\t\t\tActeur majeur\t\t\t\t\t\t<\/span>\n\t\t\t\t\t<\/h3>\n\t\t\t\t\n\t\t\t\t\t\t\t\t\t<p class=\"elementor-icon-box-description\">\n\t\t\t\t\t\tPar nos actions, nos revendications et nos projets, avec l\u2019UNSA, nous pesons sur les grands choix \u00e9conomiques et sociaux.\t\t\t\t\t<\/p>\n\t\t\t\t\n\t\t\t<\/div>\n\t\t\t\n\t\t<\/div>\n\t\t\t\t\t\t<\/div>\n\t\t\t\t<\/div>\n\t\t\t\t\t<\/div>\n\t\t<\/div>\n\t\t\t\t\t<\/div>\n\t\t<\/section>\n\t\t\t\t<section class=\"elementor-section elementor-top-section elementor-element elementor-element-b158cd6 elementor-section-stretched elementor-section-boxed elementor-section-height-default elementor-section-height-default\" data-id=\"b158cd6\" data-element_type=\"section\" data-e-type=\"section\" data-settings=\"{&quot;stretch_section&quot;:&quot;section-stretched&quot;}\">\n\t\t\t\t\t\t<div class=\"elementor-container elementor-column-gap-default\">\n\t\t\t\t\t<div class=\"elementor-column elementor-col-100 elementor-top-column elementor-element elementor-element-9728b93\" data-id=\"9728b93\" data-element_type=\"column\" data-e-type=\"column\">\n\t\t\t<div class=\"elementor-widget-wrap elementor-element-populated\">\n\t\t\t\t\t\t<div class=\"elementor-element elementor-element-8caa81a elementor-widget elementor-widget-heading\" data-id=\"8caa81a\" data-element_type=\"widget\" data-e-type=\"widget\" data-widget_type=\"heading.default\">\n\t\t\t\t<div class=\"elementor-widget-container\">\n\t\t\t\t\t<h2 class=\"elementor-heading-title elementor-size-default\">L'histoire de l'UNSA<\/h2>\t\t\t\t<\/div>\n\t\t\t\t<\/div>\n\t\t\t\t<div class=\"elementor-element elementor-element-01d9b44 elementor-widget elementor-widget-text-editor\" data-id=\"01d9b44\" data-element_type=\"widget\" data-e-type=\"widget\" data-widget_type=\"text-editor.default\">\n\t\t\t\t<div class=\"elementor-widget-container\">\n\t\t\t\t\t\t\t\t\t<p>L&rsquo;UNSA a \u00e9t\u00e9 fond\u00e9e par cinq organisations syndicales non conf\u00e9d\u00e9r\u00e9es. Elle regroupe des organisations jusque-l\u00e0 non affili\u00e9es de mani\u00e8re interprofessionnelle, un certain nombre d&rsquo;entre elles, comme la F\u00e9d\u00e9ration de l&rsquo;Education nationale\u00a0(FEN), \u00e9tant pass\u00e9es \u00e0 l&rsquo;autonomie en 1948\u00a0par refus de la scission au sein de la CGT\u00a0qui avait abouti \u00e0 la cr\u00e9ation de\u00a0<span>Force ouvri\u00e8re<\/span>.<\/p><p><span>Ses cinq membres fondateurs sont\u00a0:<\/span><\/p><p><span>&#8211; La\u00a0F\u00e9d\u00e9ration de l&rsquo;Education nationale (FEN) devenue en 2000 l&rsquo;UNSA Education<\/span><\/p><p><span>&#8211; La F\u00e9d\u00e9ration g\u00e9n\u00e9rale des syndicats de salari\u00e9s des organisations professionnelles de l&rsquo;agriculture et de l&rsquo;industrie agroalimentaire\u00a0(FGSOA) appel\u00e9e maintenant\u00a0UNSA Agriculture Agroalimentaire<\/span><\/p><p><span>&#8211; La F\u00e9d\u00e9ration autonome des transports (FAT)<\/span><\/p><p><span>&#8211; La F\u00e9d\u00e9ration ma\u00eetrise et cadres des chemins de fer (FMC) d\u00e9nomm\u00e9e d\u00e9sormais\u00a0UNSA Cheminots<\/span><\/p><p><span>&#8211; la\u00a0F\u00e9d\u00e9ration g\u00e9n\u00e9rale autonome des fonctionnaires\u00a0(FGAF)<\/span>,\u00a0(fonctionnaires), qui avait re\u00e7u l&rsquo;adh\u00e9sion du syndicat de policiers F<span>ASP<\/span>\u00a0dissoute en 1997<\/p>\t\t\t\t\t\t\t\t<\/div>\n\t\t\t\t<\/div>\n\t\t\t\t\t<\/div>\n\t\t<\/div>\n\t\t\t\t\t<\/div>\n\t\t<\/section>\n\t\t\t\t<section class=\"elementor-section elementor-top-section elementor-element elementor-element-d6dcbe1 elementor-section-stretched elementor-section-boxed elementor-section-height-default elementor-section-height-default\" data-id=\"d6dcbe1\" data-element_type=\"section\" data-e-type=\"section\" data-settings=\"{&quot;stretch_section&quot;:&quot;section-stretched&quot;}\">\n\t\t\t\t\t\t<div class=\"elementor-container elementor-column-gap-default\">\n\t\t\t\t\t<div class=\"elementor-column elementor-col-100 elementor-top-column elementor-element elementor-element-5c33f88\" data-id=\"5c33f88\" data-element_type=\"column\" data-e-type=\"column\">\n\t\t\t<div class=\"elementor-widget-wrap elementor-element-populated\">\n\t\t\t\t\t\t<div class=\"elementor-element elementor-element-073cc2d elementor-widget elementor-widget-image\" data-id=\"073cc2d\" data-element_type=\"widget\" data-e-type=\"widget\" data-widget_type=\"image.default\">\n\t\t\t\t<div class=\"elementor-widget-container\">\n\t\t\t\t\t\t\t\t\t\t\t\t\t\t\t<img fetchpriority=\"high\" decoding=\"async\" width=\"420\" height=\"279\" src=\"https:\/\/unsa-sams.com\/wp-content\/uploads\/2018\/08\/image_unsa_02.jpg\" class=\"attachment-large size-large wp-image-89\" alt=\"\" srcset=\"https:\/\/unsa-sams.com\/wp-content\/uploads\/2018\/08\/image_unsa_02.jpg 420w, https:\/\/unsa-sams.com\/wp-content\/uploads\/2018\/08\/image_unsa_02-300x199.jpg 300w, https:\/\/unsa-sams.com\/wp-content\/uploads\/2018\/08\/image_unsa_02-360x240.jpg 360w\" sizes=\"(max-width: 420px) 100vw, 420px\" \/>\t\t\t\t\t\t\t\t\t\t\t\t\t\t\t<\/div>\n\t\t\t\t<\/div>\n\t\t\t\t\t<\/div>\n\t\t<\/div>\n\t\t\t\t\t<\/div>\n\t\t<\/section>\n\t\t\t\t<section class=\"elementor-section elementor-top-section elementor-element elementor-element-8671190 elementor-section-stretched elementor-section-boxed elementor-section-height-default elementor-section-height-default\" data-id=\"8671190\" data-element_type=\"section\" data-e-type=\"section\" data-settings=\"{&quot;stretch_section&quot;:&quot;section-stretched&quot;}\">\n\t\t\t\t\t\t<div class=\"elementor-container elementor-column-gap-default\">\n\t\t\t\t\t<div class=\"elementor-column elementor-col-100 elementor-top-column elementor-element elementor-element-60ea0e5\" data-id=\"60ea0e5\" data-element_type=\"column\" data-e-type=\"column\">\n\t\t\t<div class=\"elementor-widget-wrap elementor-element-populated\">\n\t\t\t\t\t\t<div class=\"elementor-element elementor-element-8540f12 elementor-widget elementor-widget-text-editor\" data-id=\"8540f12\" data-element_type=\"widget\" data-e-type=\"widget\" data-widget_type=\"text-editor.default\">\n\t\t\t\t<div class=\"elementor-widget-container\">\n\t\t\t\t\t\t\t\t\t<p><span>Son premier pr\u00e9sident fut Jacques Mallet (FMC), et sa premi\u00e8re secr\u00e9taire g\u00e9n\u00e9rale,&nbsp;Martine Le Gal (<\/span><span>FEN<\/span><span>).<\/span><\/p>\n<p><span>L&rsquo;UNSA revendique 360&nbsp;000&nbsp;adh\u00e9rents<\/span>&nbsp;ce qui en fait, selon elle, la&nbsp;<abbr title=\"Quatri\u00e8me\">4<sup><span>e<\/span><\/sup><\/abbr>&nbsp;organisation syndicale fran\u00e7aise en termes d&rsquo;adh\u00e9rents. Elle a notamment \u00e9t\u00e9 renforc\u00e9e, en&nbsp;<span>1996<\/span>, par une scission locale de FO, men\u00e9e par Jacques Mair\u00e9, ex-secr\u00e9taire g\u00e9n\u00e9ral de l&rsquo;UD-FO de Paris en rupture avec la ligne conf\u00e9d\u00e9rale. Celui-ci refusait, en particulier, l&rsquo;influence des&nbsp;trotskystes du&nbsp;Parti des travailleurs sur FO.<\/p>\n<p><span>En 2006, la F\u00e9d\u00e9ration g\u00e9n\u00e9rale autonome des fonctionnaires&nbsp;d\u00e9cide de quitter l&rsquo;Union. La plupart de ses syndicats d\u00e9cident de rester \u00e0 l&rsquo;UNSA \u00e0 l&rsquo;image du SNOP, de l&rsquo;UNSA \u00c9quipement, de l&rsquo;UNSA Justice. Seule la&nbsp;F\u00e9d\u00e9ration autonome de la fonction publique territoriale&nbsp;a suivi le choix de la FGAF qu&rsquo;elle dirigeait. Les fonctionnaires territoriaux souhaitant rester \u00e0 l&rsquo;UNSA ont cr\u00e9\u00e9 une nouvelle&nbsp;UNSA-Territoriaux.<\/span><\/p>\n<p><span>En 2008, l&rsquo;UNSA \u00e9voque un rapprochement avec la&nbsp;CFE-CGC, rapprochement qui n&rsquo;a pas abouti.&nbsp;<\/span><span>Depuis la loi du 20 ao\u00fbt 2008 d\u00e9finissant les nouvelles r\u00e8gles de la&nbsp;repr\u00e9sentativit\u00e9 syndicale, l&rsquo;UNSA voit son implantation en hausse constante. Cette loi permet \u00e0 tout syndicat n&rsquo;appartenant pas aux cinq conf\u00e9d\u00e9rations issues de l&rsquo;apr\u00e8s-guerre, et qui a deux adh\u00e9rents dans une entreprise, de pouvoir l\u00e9galement cr\u00e9er une section syndicale et se pr\u00e9senter aux \u00e9lections professionnelles &#8211; ce qui lui \u00e9tait interdit jusque l\u00e0.<\/span><\/p>\n<p><\/p>\t\t\t\t\t\t\t\t<\/div>\n\t\t\t\t<\/div>\n\t\t\t\t<div class=\"elementor-element elementor-element-3359379 elementor-widget elementor-widget-heading\" data-id=\"3359379\" data-element_type=\"widget\" data-e-type=\"widget\" data-widget_type=\"heading.default\">\n\t\t\t\t<div class=\"elementor-widget-container\">\n\t\t\t\t\t<h2 class=\"elementor-heading-title elementor-size-default\"><span title=\"Ce passage n\u00e9cessite une r\u00e9f\u00e9rence.\">En 2009, l'UNSA a cr\u00e9\u00e9 plus de 150 nouvelles sections syndicales<\/span><\/h2>\t\t\t\t<\/div>\n\t\t\t\t<\/div>\n\t\t\t\t\t<\/div>\n\t\t<\/div>\n\t\t\t\t\t<\/div>\n\t\t<\/section>\n\t\t\t\t<\/div>\n\t\t","protected":false},"excerpt":{"rendered":"<p>L&rsquo;UNSA-SAMS Jeune Nous sommes un jeune syndicat qui repr\u00e9sente tous les salari\u00e9s des m\u00e9tiers de la sant\u00e9 priv\u00e9e. Autonome Notre ind\u00e9pendance est totale, tant \u00e0 l&rsquo;\u00e9gard du patronat, des pouvoirs politiques, \u00e9conomiques et religieux. R\u00e9formiste Nous sommes favorables aux r\u00e9formes mais celles-ci doivent \u00eatre r\u00e9alis\u00e9es apr\u00e8s des n\u00e9gociations. Acteur majeur [&hellip;]<\/p>\n","protected":false},"author":1,"featured_media":0,"parent":0,"menu_order":0,"comment_status":"closed","ping_status":"closed","template":"","meta":{"rop_custom_images_group":[],"rop_custom_messages_group":[],"rop_publish_now":"initial","rop_publish_now_accounts":[],"rop_publish_now_history":[],"rop_publish_now_status":"pending","footnotes":""},"class_list":["post-42","page","type-page","status-publish","hentry"],"_links":{"self":[{"href":"https:\/\/unsa-sams.com\/index.php?rest_route=\/wp\/v2\/pages\/42","targetHints":{"allow":["GET"]}}],"collection":[{"href":"https:\/\/unsa-sams.com\/index.php?rest_route=\/wp\/v2\/pages"}],"about":[{"href":"https:\/\/unsa-sams.com\/index.php?rest_route=\/wp\/v2\/types\/page"}],"author":[{"embeddable":true,"href":"https:\/\/unsa-sams.com\/index.php?rest_route=\/wp\/v2\/users\/1"}],"replies":[{"embeddable":true,"href":"https:\/\/unsa-sams.com\/index.php?rest_route=%2Fwp%2Fv2%2Fcomments&post=42"}],"version-history":[{"count":17,"href":"https:\/\/unsa-sams.com\/index.php?rest_route=\/wp\/v2\/pages\/42\/revisions"}],"predecessor-version":[{"id":2487,"href":"https:\/\/unsa-sams.com\/index.php?rest_route=\/wp\/v2\/pages\/42\/revisions\/2487"}],"wp:attachment":[{"href":"https:\/\/unsa-sams.com\/index.php?rest_route=%2Fwp%2Fv2%2Fmedia&parent=42"}],"curies":[{"name":"wp","href":"https:\/\/api.w.org\/{rel}","templated":true}]}}